{"id":2,"date":"2022-02-03T10:10:44","date_gmt":"2022-02-03T10:10:44","guid":{"rendered":"https:\/\/aziendagricolaruggiero.com\/blog\/?page_id=2"},"modified":"2022-03-10T11:32:13","modified_gmt":"2022-03-10T11:32:13","slug":"sample-page","status":"publish","type":"page","link":"https:\/\/aziendagricolaruggiero.com\/blog\/","title":{"rendered":"Home"},"content":{"rendered":"\t\t<div data-elementor-type=\"wp-page\" data-elementor-id=\"2\" class=\"elementor elementor-2\" data-elementor-settings=\"[]\">\n\t\t\t\t\t\t\t<div class=\"elementor-section-wrap\">\n\t\t\t\t\t\t\t<section class=\"elementor-section elementor-top-section elementor-element elementor-element-28661d3 elementor-section-boxed elementor-section-height-default elementor-section-height-default\" data-id=\"28661d3\" data-element_type=\"section\">\n\t\t\t\t\t\t<div class=\"elementor-container elementor-column-gap-default\">\n\t\t\t\t\t<div class=\"elementor-column elementor-col-100 elementor-top-column elementor-element elementor-element-df82eb\" data-id=\"df82eb\" data-element_type=\"column\">\n\t\t\t<div class=\"elementor-widget-wrap elementor-element-populated\">\n\t\t\t\t\t\t\t\t<div class=\"elementor-element elementor-element-6ac1f8eb elementor-widget elementor-widget-text-editor\" data-id=\"6ac1f8eb\" data-element_type=\"widget\" data-widget_type=\"text-editor.default\">\n\t\t\t\t<div class=\"elementor-widget-container\">\n\t\t\t<style>\/*! elementor - v3.5.5 - 03-02-2022 *\/\n.elementor-widget-text-editor.elementor-drop-cap-view-stacked .elementor-drop-cap{background-color:#818a91;color:#fff}.elementor-widget-text-editor.elementor-drop-cap-view-framed .elementor-drop-cap{color:#818a91;border:3px solid;background-color:transparent}.elementor-widget-text-editor:not(.elementor-drop-cap-view-default) .elementor-drop-cap{margin-top:8px}.elementor-widget-text-editor:not(.elementor-drop-cap-view-default) .elementor-drop-cap-letter{width:1em;height:1em}.elementor-widget-text-editor .elementor-drop-cap{float:left;text-align:center;line-height:1;font-size:50px}.elementor-widget-text-editor .elementor-drop-cap-letter{display:inline-block}<\/style>\t\t\t\t&nbsp;\r\n\r\n&nbsp;\t\t\t\t\t\t<\/div>\n\t\t\t\t<\/div>\n\t\t\t\t\t<\/div>\n\t\t<\/div>\n\t\t\t\t\t\t\t<\/div>\n\t\t<\/section>\n\t\t\t\t<section class=\"elementor-section elementor-top-section elementor-element elementor-element-885b07b elementor-section-boxed elementor-section-height-default elementor-section-height-default\" data-id=\"885b07b\" data-element_type=\"section\">\n\t\t\t\t\t\t<div class=\"elementor-container elementor-column-gap-default\">\n\t\t\t\t\t<div class=\"elementor-column elementor-col-100 elementor-top-column elementor-element elementor-element-421802b\" data-id=\"421802b\" data-element_type=\"column\">\n\t\t\t<div class=\"elementor-widget-wrap elementor-element-populated\">\n\t\t\t\t\t\t\t\t<div class=\"elementor-element elementor-element-41d4b3c elementor-grid-1 elementor-posts--thumbnail-left elementor-posts--align-left elementor-grid-tablet-2 elementor-grid-mobile-1 elementor-widget elementor-widget-posts\" data-id=\"41d4b3c\" data-element_type=\"widget\" data-settings=\"{&quot;classic_columns&quot;:&quot;1&quot;,&quot;classic_columns_tablet&quot;:&quot;2&quot;,&quot;classic_columns_mobile&quot;:&quot;1&quot;,&quot;classic_row_gap&quot;:{&quot;unit&quot;:&quot;px&quot;,&quot;size&quot;:35,&quot;sizes&quot;:[]},&quot;classic_row_gap_tablet&quot;:{&quot;unit&quot;:&quot;px&quot;,&quot;size&quot;:&quot;&quot;,&quot;sizes&quot;:[]},&quot;classic_row_gap_mobile&quot;:{&quot;unit&quot;:&quot;px&quot;,&quot;size&quot;:&quot;&quot;,&quot;sizes&quot;:[]}}\" data-widget_type=\"posts.classic\">\n\t\t\t\t<div class=\"elementor-widget-container\">\n\t\t\t<link rel=\"stylesheet\" href=\"https:\/\/aziendagricolaruggiero.com\/blog\/wp-content\/plugins\/elementor-pro\/assets\/css\/widget-posts.min.css\">\t\t<div class=\"elementor-posts-container elementor-posts elementor-posts--skin-classic elementor-grid\">\n\t\t\t\t<article class=\"elementor-post elementor-grid-item post-75 post type-post status-publish format-standard hentry category-blog\">\n\t\t\t\t<div class=\"elementor-post__text\">\n\t\t\t\t<h3 class=\"elementor-post__title\">\n\t\t\t<a href=\"https:\/\/aziendagricolaruggiero.com\/blog\/storia-dellolivo-e-dellolio-dai-greci-ai-romani\/\" >\n\t\t\t\tStoria dell&#8217;olivo e dell&#8217;olio dai Greci ai Romani.\t\t\t<\/a>\n\t\t<\/h3>\n\t\t\t\t<div class=\"elementor-post__meta-data\">\n\t\t\t\t\t<span class=\"elementor-post-date\">\n\t\t\tDicembre 11, 2022\t\t<\/span>\n\t\t\t\t<\/div>\n\t\t\t\t<div class=\"elementor-post__excerpt\">\n\t\t\t<p>Le origini dell\u2019olio d\u2019oliva sono molto datate, le prime testimonianze di cui si ha traccia dell\u2019utilizzo dell\u2019olio risalgono al 3000 a.C., in \u00a0Palestina e Siria . Con gli scavi di Ebla, in Siria settentrionale, hanno consentito di ritrovare la pi\u00f9 antica documentazione sulla coltivazione dell&#8217;olivo<\/p>\n\t\t<\/div>\n\t\t\t\t\t<a class=\"elementor-post__read-more\" href=\"https:\/\/aziendagricolaruggiero.com\/blog\/storia-dellolivo-e-dellolio-dai-greci-ai-romani\/\" >\n\t\t\t\tLeggi Tutto\t\t\t<\/a>\n\t\t\t\t<\/div>\n\t\t\t\t<\/article>\n\t\t\t\t<article class=\"elementor-post elementor-grid-item post-65 post type-post status-publish format-standard has-post-thumbnail hentry category-blog\">\n\t\t\t\t<a class=\"elementor-post__thumbnail__link\" href=\"https:\/\/aziendagricolaruggiero.com\/blog\/scopri-se-un-olio-extravergine-e-di-qualita\/\" >\n\t\t\t<div class=\"elementor-post__thumbnail\"><img loading=\"lazy\" decoding=\"async\" width=\"1912\" height=\"2560\" src=\"https:\/\/aziendagricolaruggiero.com\/blog\/wp-content\/uploads\/2022\/10\/IMG-20160319-WA0006-scaled.jpg\" class=\"attachment-full size-full\" alt=\"\" \/><\/div>\n\t\t<\/a>\n\t\t\t\t<div class=\"elementor-post__text\">\n\t\t\t\t<h3 class=\"elementor-post__title\">\n\t\t\t<a href=\"https:\/\/aziendagricolaruggiero.com\/blog\/scopri-se-un-olio-extravergine-e-di-qualita\/\" >\n\t\t\t\tScopri se un olio extravergine  \u00e8 di qualit\u00e0?\t\t\t<\/a>\n\t\t<\/h3>\n\t\t\t\t<div class=\"elementor-post__meta-data\">\n\t\t\t\t\t<span class=\"elementor-post-date\">\n\t\t\tOttobre 22, 2022\t\t<\/span>\n\t\t\t\t<\/div>\n\t\t\t\t<div class=\"elementor-post__excerpt\">\n\t\t\t<p>Se siete amanti del buon olio extra vergine di oliva \u00e8 importante imparare a riconoscerne la qualit\u00e0 per capire se un olio extra vergine di oliva pu\u00f2 essere consumato con tranquillit\u00e0. Ecco allora qualche semplice consiglio per scoprire se un olio extra vergine di oliva<\/p>\n\t\t<\/div>\n\t\t\t\t\t<a class=\"elementor-post__read-more\" href=\"https:\/\/aziendagricolaruggiero.com\/blog\/scopri-se-un-olio-extravergine-e-di-qualita\/\" >\n\t\t\t\tLeggi Tutto\t\t\t<\/a>\n\t\t\t\t<\/div>\n\t\t\t\t<\/article>\n\t\t\t\t<article class=\"elementor-post elementor-grid-item post-45 post type-post status-publish format-standard has-post-thumbnail hentry category-blog\">\n\t\t\t\t<a class=\"elementor-post__thumbnail__link\" href=\"https:\/\/aziendagricolaruggiero.com\/blog\/la-produzione-dellolio-extra-vergine-doliva\/\" >\n\t\t\t<div class=\"elementor-post__thumbnail\"><img loading=\"lazy\" decoding=\"async\" width=\"539\" height=\"380\" src=\"https:\/\/aziendagricolaruggiero.com\/blog\/wp-content\/uploads\/2022\/03\/produzione-1.jpeg\" class=\"attachment-full size-full\" alt=\"\" \/><\/div>\n\t\t<\/a>\n\t\t\t\t<div class=\"elementor-post__text\">\n\t\t\t\t<h3 class=\"elementor-post__title\">\n\t\t\t<a href=\"https:\/\/aziendagricolaruggiero.com\/blog\/la-produzione-dellolio-extra-vergine-doliva\/\" >\n\t\t\t\tLa Produzione dell\u2019Olio Extra Vergine d\u2019Oliva\t\t\t<\/a>\n\t\t<\/h3>\n\t\t\t\t<div class=\"elementor-post__meta-data\">\n\t\t\t\t\t<span class=\"elementor-post-date\">\n\t\t\tMarzo 10, 2022\t\t<\/span>\n\t\t\t\t<\/div>\n\t\t\t\t<div class=\"elementor-post__excerpt\">\n\t\t\t<p>La cultura del mangiare sano per vivere bene \u00e8 la nostra filosofia e trova nella Dieta Mediterranea la sua massima espressione essendo la risposta pi\u00f9 completa al fabbisogno alimentare dell&#8217;essere umano di ogni et\u00e0. Il protagonista della dieta mediterranea \u00e8 l\u2019 olio extra vergine d&#8217;oliva,<\/p>\n\t\t<\/div>\n\t\t\t\t\t<a class=\"elementor-post__read-more\" href=\"https:\/\/aziendagricolaruggiero.com\/blog\/la-produzione-dellolio-extra-vergine-doliva\/\" >\n\t\t\t\tLeggi Tutto\t\t\t<\/a>\n\t\t\t\t<\/div>\n\t\t\t\t<\/article>\n\t\t\t\t<\/div>\n\n\n\t\t\n\t\t\t\t<\/div>\n\t\t\t\t<\/div>\n\t\t\t\t\t<\/div>\n\t\t<\/div>\n\t\t\t\t\t\t\t<\/div>\n\t\t<\/section>\n\t\t\t\t<section class=\"elementor-section elementor-top-section elementor-element elementor-element-6105f79 elementor-section-boxed elementor-section-height-default elementor-section-height-default\" data-id=\"6105f79\" data-element_type=\"section\">\n\t\t\t\t\t\t<div class=\"elementor-container elementor-column-gap-default\">\n\t\t\t\t\t<div class=\"elementor-column elementor-col-100 elementor-top-column elementor-element elementor-element-5c3827d\" data-id=\"5c3827d\" data-element_type=\"column\">\n\t\t\t<div class=\"elementor-widget-wrap\">\n\t\t\t\t\t\t\t\t\t<\/div>\n\t\t<\/div>\n\t\t\t\t\t\t\t<\/div>\n\t\t<\/section>\n\t\t\t\t\t\t<\/div>\n\t\t\t\t\t<\/div>\n\t\t","protected":false},"excerpt":{"rendered":"<p>&nbsp; &nbsp;<\/p>\n","protected":false},"author":1,"featured_media":0,"parent":0,"menu_order":0,"comment_status":"closed","ping_status":"open","template":"elementor_header_footer","meta":{"site-sidebar-layout":"default","site-content-layout":"default","ast-main-header-display":"","ast-hfb-above-header-display":"","ast-hfb-below-header-display":"","ast-hfb-mobile-header-display":"","site-post-title":"","ast-breadcrumbs-content":"","ast-featured-img":"","footer-sml-layout":"","theme-transparent-header-meta":"","adv-header-id-meta":"","stick-header-meta":"","header-above-stick-meta":"","header-main-stick-meta":"","header-below-stick-meta":"","footnotes":""},"class_list":["post-2","page","type-page","status-publish","hentry"],"yoast_head":"<!-- This site is optimized with the Yoast SEO plugin v18.1 - https:\/\/yoast.com\/wordpress\/plugins\/seo\/ -->\n<title>Azienda Agricola Ruggiero<\/title>\n<meta name=\"robots\" content=\"index, follow, max-snippet:-1, max-image-preview:large, max-video-preview:-1\" \/>\n<link rel=\"canonical\" href=\"https:\/\/aziendagricolaruggiero.com\/blog\/\" \/>\n<meta property=\"og:locale\" content=\"it_IT\" \/>\n<meta property=\"og:type\" content=\"article\" \/>\n<meta property=\"og:title\" content=\"Azienda Agricola Ruggiero\" \/>\n<meta property=\"og:description\" content=\"&nbsp; &nbsp;\" \/>\n<meta property=\"og:url\" content=\"https:\/\/aziendagricolaruggiero.com\/blog\/\" \/>\n<meta property=\"og:site_name\" content=\"Azienda Agricola Ruggiero\" \/>\n<meta property=\"article:modified_time\" content=\"2022-03-10T11:32:13+00:00\" \/>\n<meta name=\"twitter:card\" content=\"summary_large_image\" \/>\n<meta name=\"twitter:label1\" content=\"Tempo di lettura stimato\" \/>\n\t<meta name=\"twitter:data1\" content=\"1 minuto\" \/>\n<script type=\"application\/ld+json\" class=\"yoast-schema-graph\">{\"@context\":\"https:\/\/schema.org\",\"@graph\":[{\"@type\":\"WebSite\",\"@id\":\"https:\/\/aziendagricolaruggiero.com\/blog\/#website\",\"url\":\"https:\/\/aziendagricolaruggiero.com\/blog\/\",\"name\":\"Azienda Agricola Ruggiero\",\"description\":\"Blog\",\"potentialAction\":[{\"@type\":\"SearchAction\",\"target\":{\"@type\":\"EntryPoint\",\"urlTemplate\":\"https:\/\/aziendagricolaruggiero.com\/blog\/?s={search_term_string}\"},\"query-input\":\"required name=search_term_string\"}],\"inLanguage\":\"it-IT\"},{\"@type\":\"WebPage\",\"@id\":\"https:\/\/aziendagricolaruggiero.com\/blog\/#webpage\",\"url\":\"https:\/\/aziendagricolaruggiero.com\/blog\/\",\"name\":\"Azienda Agricola Ruggiero\",\"isPartOf\":{\"@id\":\"https:\/\/aziendagricolaruggiero.com\/blog\/#website\"},\"datePublished\":\"2022-02-03T10:10:44+00:00\",\"dateModified\":\"2022-03-10T11:32:13+00:00\",\"breadcrumb\":{\"@id\":\"https:\/\/aziendagricolaruggiero.com\/blog\/#breadcrumb\"},\"inLanguage\":\"it-IT\",\"potentialAction\":[{\"@type\":\"ReadAction\",\"target\":[\"https:\/\/aziendagricolaruggiero.com\/blog\/\"]}]},{\"@type\":\"BreadcrumbList\",\"@id\":\"https:\/\/aziendagricolaruggiero.com\/blog\/#breadcrumb\",\"itemListElement\":[{\"@type\":\"ListItem\",\"position\":1,\"name\":\"Home\",\"item\":\"https:\/\/aziendagricolaruggiero.com\/blog\/\"},{\"@type\":\"ListItem\",\"position\":2,\"name\":\"Home\"}]}]}<\/script>\n<!-- \/ Yoast SEO plugin. -->","yoast_head_json":{"title":"Azienda Agricola Ruggiero","robots":{"index":"index","follow":"follow","max-snippet":"max-snippet:-1","max-image-preview":"max-image-preview:large","max-video-preview":"max-video-preview:-1"},"canonical":"https:\/\/aziendagricolaruggiero.com\/blog\/","og_locale":"it_IT","og_type":"article","og_title":"Azienda Agricola Ruggiero","og_description":"&nbsp; &nbsp;","og_url":"https:\/\/aziendagricolaruggiero.com\/blog\/","og_site_name":"Azienda Agricola Ruggiero","article_modified_time":"2022-03-10T11:32:13+00:00","twitter_card":"summary_large_image","twitter_misc":{"Tempo di lettura stimato":"1 minuto"},"schema":{"@context":"https:\/\/schema.org","@graph":[{"@type":"WebSite","@id":"https:\/\/aziendagricolaruggiero.com\/blog\/#website","url":"https:\/\/aziendagricolaruggiero.com\/blog\/","name":"Azienda Agricola Ruggiero","description":"Blog","potentialAction":[{"@type":"SearchAction","target":{"@type":"EntryPoint","urlTemplate":"https:\/\/aziendagricolaruggiero.com\/blog\/?s={search_term_string}"},"query-input":"required name=search_term_string"}],"inLanguage":"it-IT"},{"@type":"WebPage","@id":"https:\/\/aziendagricolaruggiero.com\/blog\/#webpage","url":"https:\/\/aziendagricolaruggiero.com\/blog\/","name":"Azienda Agricola Ruggiero","isPartOf":{"@id":"https:\/\/aziendagricolaruggiero.com\/blog\/#website"},"datePublished":"2022-02-03T10:10:44+00:00","dateModified":"2022-03-10T11:32:13+00:00","breadcrumb":{"@id":"https:\/\/aziendagricolaruggiero.com\/blog\/#breadcrumb"},"inLanguage":"it-IT","potentialAction":[{"@type":"ReadAction","target":["https:\/\/aziendagricolaruggiero.com\/blog\/"]}]},{"@type":"BreadcrumbList","@id":"https:\/\/aziendagricolaruggiero.com\/blog\/#breadcrumb","itemListElement":[{"@type":"ListItem","position":1,"name":"Home","item":"https:\/\/aziendagricolaruggiero.com\/blog\/"},{"@type":"ListItem","position":2,"name":"Home"}]}]}},"_links":{"self":[{"href":"https:\/\/aziendagricolaruggiero.com\/blog\/wp-json\/wp\/v2\/pages\/2","targetHints":{"allow":["GET"]}}],"collection":[{"href":"https:\/\/aziendagricolaruggiero.com\/blog\/wp-json\/wp\/v2\/pages"}],"about":[{"href":"https:\/\/aziendagricolaruggiero.com\/blog\/wp-json\/wp\/v2\/types\/page"}],"author":[{"embeddable":true,"href":"https:\/\/aziendagricolaruggiero.com\/blog\/wp-json\/wp\/v2\/users\/1"}],"replies":[{"embeddable":true,"href":"https:\/\/aziendagricolaruggiero.com\/blog\/wp-json\/wp\/v2\/comments?post=2"}],"version-history":[{"count":11,"href":"https:\/\/aziendagricolaruggiero.com\/blog\/wp-json\/wp\/v2\/pages\/2\/revisions"}],"predecessor-version":[{"id":61,"href":"https:\/\/aziendagricolaruggiero.com\/blog\/wp-json\/wp\/v2\/pages\/2\/revisions\/61"}],"wp:attachment":[{"href":"https:\/\/aziendagricolaruggiero.com\/blog\/wp-json\/wp\/v2\/media?parent=2"}],"curies":[{"name":"wp","href":"https:\/\/api.w.org\/{rel}","templated":true}]}}